{"id":2954,"date":"2021-06-23T22:45:07","date_gmt":"2021-06-23T22:45:07","guid":{"rendered":"https:\/\/astrids.la-studioweb.com\/?page_id=2954"},"modified":"2026-03-27T14:36:58","modified_gmt":"2026-03-27T11:36:58","slug":"hakkimizda","status":"publish","type":"page","link":"https:\/\/ilsukompresor.com\/index.php\/hakkimizda\/","title":{"rendered":"Hakk\u0131m\u0131zda"},"content":{"rendered":"\t\t<div data-elementor-type=\"wp-page\" data-elementor-id=\"2954\" class=\"elementor elementor-2954\">\n\t\t\t\t\t\t<div class=\"elementor-section elementor-top-section elementor-element elementor-element-a3ed467 elementor-section-boxed elementor-section-height-default elementor-section-height-default elementor-invisible e-parent\" data-id=\"a3ed467\" data-element_type=\"section\" data-e-type=\"section\" data-settings=\"{&quot;background_background&quot;:&quot;classic&quot;,&quot;background_motion_fx_motion_fx_scrolling&quot;:&quot;yes&quot;,&quot;background_motion_fx_translateY_effect&quot;:&quot;yes&quot;,&quot;animation&quot;:&quot;fadeInUp&quot;,&quot;background_motion_fx_translateY_speed&quot;:{&quot;unit&quot;:&quot;px&quot;,&quot;size&quot;:3,&quot;sizes&quot;:[]},&quot;background_motion_fx_translateY_affectedRange&quot;:{&quot;unit&quot;:&quot;%&quot;,&quot;size&quot;:&quot;&quot;,&quot;sizes&quot;:{&quot;start&quot;:20,&quot;end&quot;:80}},&quot;background_motion_fx_devices&quot;:[&quot;mobile&quot;,&quot;mobile_extra&quot;,&quot;tablet&quot;,&quot;laptop&quot;,&quot;desktop&quot;]}\">\n\t\t\t\t\t\t\t<div class=\"elementor-background-overlay\"><\/div>\n\t\t\t\t\t\t\t<div class=\"elementor-container elementor-column-gap-default\">\n\t\t\t\t\t<div class=\"elementor-column elementor-col-100 elementor-top-column elementor-element elementor-element-b2bd7c9 lakit-col-width-auto-no\" data-id=\"b2bd7c9\" data-element_type=\"column\" data-e-type=\"column\">\n\t\t\t<div class=\"elementor-widget-wrap elementor-element-populated\">\n\t\t\t\t\t\t<div class=\"elementor-element elementor-element-fe1d031 elementor-widget-tablet__width-initial elementor-widget-mobile__width-initial elementor-invisible elementor-widget lastudio-kit elementor-lakit-animated-text\" data-id=\"fe1d031\" data-element_type=\"widget\" data-e-type=\"widget\" data-settings=\"{&quot;_animation&quot;:&quot;fadeInUp&quot;,&quot;_animation_delay&quot;:200}\" data-widget_type=\"lakit-animated-text.default\">\n\t\t\t\t\t<div class=\"lakit-animated-text lat-ef-fx1 lakit-animated-text--symbol\"data-settings=\"{&quot;effect&quot;:&quot;fx1&quot;,&quot;start&quot;:0,&quot;delay&quot;:3000,&quot;loop&quot;:&quot;&quot;}\"><span class=\"lakit-animated-text__before-text\">\n\t<span class=\"lakit-animated-span\">Kurulu\u015fun<\/span><\/span><span class=\"lakit-animated-text__animated-text\">\n<span class=\"lakit-animated-text__animated-text-item active visible\">\n\t<span><span class=\"lakit-animated-span\">H<\/span><span class=\"lakit-animated-span\">i<\/span><span class=\"lakit-animated-span\">k<\/span><span class=\"lakit-animated-span\">a<\/span><span class=\"lakit-animated-span\">y<\/span><span class=\"lakit-animated-span\">e<\/span><span class=\"lakit-animated-span\">s<\/span><span class=\"lakit-animated-span\">i<\/span><\/span><\/span>\n<\/span><\/div>\t\t\t\t<\/div>\n\t\t\t\t<div class=\"elementor-element elementor-element-a20b177 elementor-widget elementor-widget-spacer\" data-id=\"a20b177\" data-element_type=\"widget\" data-e-type=\"widget\" data-widget_type=\"spacer.default\">\n\t\t\t\t\t\t\t<div class=\"elementor-spacer\">\n\t\t\t<div class=\"elementor-spacer-inner\"><\/div>\n\t\t<\/div>\n\t\t\t\t\t\t<\/div>\n\t\t\t\t\t<\/div>\n\t\t<\/div>\n\t\t\t\t\t<\/div>\n\t\t<\/div>\n\t\t<div class=\"elementor-element elementor-element-76d7e54 e-flex e-con-boxed lakit-col-width-auto-no e-container e-root-container elementor-top-section e-con e-parent\" data-id=\"76d7e54\" data-element_type=\"container\" data-e-type=\"container\">\n\t\t\t\t\t<div class=\"e-con-inner\">\n\t\t\t\t<div class=\"elementor-element elementor-element-df48fd2 elementor-widget elementor-widget-spacer\" data-id=\"df48fd2\" data-element_type=\"widget\" data-e-type=\"widget\" data-widget_type=\"spacer.default\">\n\t\t\t\t\t\t\t<div class=\"elementor-spacer\">\n\t\t\t<div class=\"elementor-spacer-inner\"><\/div>\n\t\t<\/div>\n\t\t\t\t\t\t<\/div>\n\t\t\t\t\t<\/div>\n\t\t\t\t<\/div>\n\t\t\t\t<div class=\"elementor-section elementor-top-section elementor-element elementor-element-3464c3f elementor-section-boxed elementor-section-height-default elementor-section-height-default elementor-invisible e-parent\" data-id=\"3464c3f\" data-element_type=\"section\" data-e-type=\"section\" data-settings=\"{&quot;animation&quot;:&quot;fadeInUp&quot;,&quot;animation_delay&quot;:200}\">\n\t\t\t\t\t\t<div class=\"elementor-container elementor-column-gap-no\">\n\t\t\t\t\t<div class=\"elementor-column elementor-col-50 elementor-top-column elementor-element elementor-element-09a5e63 lakit-col-width-auto-no\" data-id=\"09a5e63\" data-element_type=\"column\" data-e-type=\"column\">\n\t\t\t<div class=\"elementor-widget-wrap elementor-element-populated\">\n\t\t\t\t\t\t<div class=\"elementor-element elementor-element-e298716 elementor-widget elementor-widget-text-editor\" data-id=\"e298716\" data-element_type=\"widget\" data-e-type=\"widget\" data-widget_type=\"text-editor.default\">\n\t\t\t\t\t\t\t\t\t<section class=\"text-token-text-primary w-full focus:outline-none [--shadow-height:45px] has-data-writing-block:pointer-events-none has-data-writing-block:-mt-(--shadow-height) has-data-writing-block:pt-(--shadow-height) [&amp;:has([data-writing-block])&gt;*]:pointer-events-auto scroll-mt-(--header-height)\" dir=\"auto\" data-turn-id=\"4a3152cc-e935-486d-8182-02413c34fdd6\" data-testid=\"conversation-turn-9\" data-scroll-anchor=\"false\" data-turn=\"user\"><div class=\"text-base my-auto mx-auto pt-12 [--thread-content-margin:var(--thread-content-margin-xs,calc(var(--spacing)*4))] @w-sm\/main:[--thread-content-margin:var(--thread-content-margin-sm,calc(var(--spacing)*6))] @w-lg\/main:[--thread-content-margin:var(--thread-content-margin-lg,calc(var(--spacing)*16))] px-(--thread-content-margin)\"><div class=\"[--thread-content-max-width:40rem] @w-lg\/main:[--thread-content-max-width:48rem] mx-auto max-w-(--thread-content-max-width) flex-1 group\/turn-messages focus-visible:outline-hidden relative flex w-full min-w-0 flex-col\"><div class=\"flex max-w-full flex-col gap-4 grow\"><div class=\"min-h-8 text-message relative flex w-full flex-col items-end gap-2 text-start break-words whitespace-normal outline-none keyboard-focused:focus-ring [.text-message+&amp;]:mt-1\" dir=\"auto\" data-message-author-role=\"user\" data-message-id=\"4a3152cc-e935-486d-8182-02413c34fdd6\"><div class=\"flex w-full flex-col gap-1 empty:hidden items-end rtl:items-start\"><div class=\"user-message-bubble-color corner-superellipse\/0.98 relative rounded-[22px] px-4 py-2.5 leading-6 max-w-(--user-chat-width,70%)\"><div class=\"whitespace-pre-wrap\">\u0130lsu Kompres\u00f6r, 2025 y\u0131l\u0131nda <span class=\"hover:entity-accent entity-underline inline cursor-pointer align-baseline\"><span class=\"whitespace-normal\">\u0130stanbul<\/span><\/span>\u2019da kurulmu\u015f, bas\u0131n\u00e7l\u0131 hava sistemleri alan\u0131nda sat\u0131\u015f, servis, bak\u0131m ve onar\u0131m hizmetleri sunan yenilik\u00e7i bir firmad\u0131r. Kuruldu\u011fu g\u00fcnden bu yana kalite, g\u00fcvenilirlik ve m\u00fc\u015fteri memnuniyetini \u00f6n planda tutarak k\u0131sa s\u00fcrede sekt\u00f6r\u00fcnde g\u00fc\u00e7l\u00fc bir konum elde etmeyi hedeflemektedir.<\/div><\/div><\/div><\/div><\/div><\/div><\/div><\/section><section class=\"text-token-text-primary w-full focus:outline-none [--shadow-height:45px] has-data-writing-block:pointer-events-none has-data-writing-block:-mt-(--shadow-height) has-data-writing-block:pt-(--shadow-height) [&amp;:has([data-writing-block])&gt;*]:pointer-events-auto scroll-mt-[calc(var(--header-height)+min(200px,max(70px,20svh)))]\" dir=\"auto\" data-turn-id=\"request-WEB:05ccd736-8fa8-419e-a8bb-27a0a24fd081-4\" data-testid=\"conversation-turn-10\" data-scroll-anchor=\"true\" data-turn=\"assistant\"><div class=\"text-base my-auto mx-auto pb-10 [--thread-content-margin:var(--thread-content-margin-xs,calc(var(--spacing)*4))] @w-sm\/main:[--thread-content-margin:var(--thread-content-margin-sm,calc(var(--spacing)*6))] @w-lg\/main:[--thread-content-margin:var(--thread-content-margin-lg,calc(var(--spacing)*16))] px-(--thread-content-margin)\"><div class=\"[--thread-content-max-width:40rem] @w-lg\/main:[--thread-content-max-width:48rem] mx-auto max-w-(--thread-content-max-width) flex-1 group\/turn-messages focus-visible:outline-hidden relative flex w-full min-w-0 flex-col agent-turn\"><div class=\"flex max-w-full flex-col gap-4 grow\"><div class=\"min-h-8 text-message relative flex w-full flex-col items-end gap-2 text-start break-words whitespace-normal outline-none keyboard-focused:focus-ring [.text-message+&amp;]:mt-1\" dir=\"auto\" tabindex=\"0\" data-message-author-role=\"assistant\" data-message-id=\"5a3db241-e0ae-4947-bb9c-7489daebd6b1\" data-message-model-slug=\"gpt-5-3\" data-turn-start-message=\"true\"><div class=\"flex w-full flex-col gap-1 empty:hidden\"><div class=\"markdown prose dark:prose-invert w-full wrap-break-word light markdown-new-styling\"><p data-start=\"344\" data-end=\"708\">Firmam\u0131z; vidal\u0131 kompres\u00f6r, invert\u00f6rl\u00fc kompres\u00f6r, tank \u00fcst\u00fc kompakt invert\u00f6r sistemler, bas\u0131n\u00e7l\u0131 hava kurutucular\u0131 ve hava tanklar\u0131 alan\u0131nda geni\u015f bir \u00fcr\u00fcn ve hizmet yelpazesi sunmaktad\u0131r. Her i\u015fletmenin ihtiyac\u0131n\u0131n farkl\u0131 oldu\u011funun bilinciyle hareket eden \u0130lsu Kompres\u00f6r, m\u00fc\u015fterilerine en do\u011fru ve verimli \u00e7\u00f6z\u00fcmleri sunmak i\u00e7in profesyonel bir yakla\u015f\u0131mla \u00e7al\u0131\u015f\u0131r.<\/p><p data-start=\"710\" data-end=\"1019\">Sat\u0131\u015f hizmetlerimizin yan\u0131 s\u0131ra, teknik servis, periyodik bak\u0131m ve ar\u0131za onar\u0131m s\u00fcre\u00e7lerinde de uzman kadromuzla h\u0131zl\u0131 ve etkili \u00e7\u00f6z\u00fcmler \u00fcretiyoruz. Amac\u0131m\u0131z yaln\u0131zca \u00fcr\u00fcn sa\u011flamak de\u011fil; i\u015fletmelerin \u00fcretim s\u00fcre\u00e7lerini kesintisiz ve verimli \u015fekilde s\u00fcrd\u00fcrebilmeleri i\u00e7in g\u00fcvenilir bir \u00e7\u00f6z\u00fcm orta\u011f\u0131 olmakt\u0131r.<\/p><\/div><\/div><\/div><\/div><\/div><\/div><\/section>\t\t\t\t\t\t\t\t<\/div>\n\t\t\t\t\t<\/div>\n\t\t<\/div>\n\t\t\t\t<div class=\"elementor-column elementor-col-50 elementor-top-column elementor-element elementor-element-ff920d7 lakit-col-width-auto-no\" data-id=\"ff920d7\" data-element_type=\"column\" data-e-type=\"column\">\n\t\t\t<div class=\"elementor-widget-wrap elementor-element-populated\">\n\t\t\t\t\t\t<div class=\"elementor-element elementor-element-2e019dd elementor-widget elementor-widget-text-editor\" data-id=\"2e019dd\" data-element_type=\"widget\" data-e-type=\"widget\" data-widget_type=\"text-editor.default\">\n\t\t\t\t\t\t\t\t\t<p data-start=\"1021\" data-end=\"1304\">\u0130lsu Kompres\u00f6r olarak, geli\u015fen teknolojiyi yak\u0131ndan takip ederek enerji verimlili\u011fi y\u00fcksek, uzun \u00f6m\u00fcrl\u00fc ve s\u00fcrd\u00fcr\u00fclebilir sistemler sunmay\u0131 hedefliyoruz. M\u00fc\u015fteri odakl\u0131 hizmet anlay\u0131\u015f\u0131m\u0131z ve teknik uzmanl\u0131\u011f\u0131m\u0131z ile bas\u0131n\u00e7l\u0131 hava sistemlerinde kal\u0131c\u0131 \u00e7\u00f6z\u00fcmler \u00fcretmeye devam ediyoruz.<\/p><p data-start=\"1306\" data-end=\"1495\" data-is-last-node=\"\" data-is-only-node=\"\">G\u00fc\u00e7l\u00fc altyap\u0131m\u0131z ve dinamik ekibimizle, sanayinin ihtiya\u00e7 duydu\u011fu bas\u0131n\u00e7l\u0131 hava \u00e7\u00f6z\u00fcmlerinde g\u00fcvenilir bir i\u015f orta\u011f\u0131 olmay\u0131 s\u00fcrd\u00fcr\u00fcyoruz. \u0130lsu Kompres\u00f6r, kaliteyi ve g\u00fcveni bir arada sunar.<\/p>\t\t\t\t\t\t\t\t<\/div>\n\t\t\t\t<div class=\"elementor-element elementor-element-730b60a elementor-widget elementor-widget-spacer\" data-id=\"730b60a\" data-element_type=\"widget\" data-e-type=\"widget\" data-widget_type=\"spacer.default\">\n\t\t\t\t\t\t\t<div class=\"elementor-spacer\">\n\t\t\t<div class=\"elementor-spacer-inner\"><\/div>\n\t\t<\/div>\n\t\t\t\t\t\t<\/div>\n\t\t\t\t<div class=\"elementor-element elementor-element-e5d3df5 elementor-widget__width-initial elementor-widget elementor-widget-image\" data-id=\"e5d3df5\" data-element_type=\"widget\" data-e-type=\"widget\" data-widget_type=\"image.default\">\n\t\t\t\t\t\t\t\t\t\t\t\t\t\t\t<img fetchpriority=\"high\" decoding=\"async\" width=\"595\" height=\"124\" src=\"https:\/\/ilsukompresor.com\/wp-content\/uploads\/2026\/03\/logo-dark.svg\" class=\"attachment-full size-full wp-image-7718\" alt=\"\" \/>\t\t\t\t\t\t\t\t\t\t\t\t\t\t\t<\/div>\n\t\t\t\t\t<\/div>\n\t\t<\/div>\n\t\t\t\t\t<\/div>\n\t\t<\/div>\n\t\t<div class=\"elementor-element elementor-element-68c177b e-flex e-con-boxed lakit-col-width-auto-no e-container e-root-container elementor-top-section e-con e-parent\" data-id=\"68c177b\" data-element_type=\"container\" data-e-type=\"container\">\n\t\t\t\t\t<div class=\"e-con-inner\">\n\t\t\t\t<div class=\"elementor-element elementor-element-304b041 elementor-widget elementor-widget-spacer\" data-id=\"304b041\" data-element_type=\"widget\" data-e-type=\"widget\" data-widget_type=\"spacer.default\">\n\t\t\t\t\t\t\t<div class=\"elementor-spacer\">\n\t\t\t<div class=\"elementor-spacer-inner\"><\/div>\n\t\t<\/div>\n\t\t\t\t\t\t<\/div>\n\t\t\t\t\t<\/div>\n\t\t\t\t<\/div>\n\t\t\t\t<\/div>\n\t\t","protected":false},"excerpt":{"rendered":"<p>Kurulu\u015fun Hikayesi \u0130lsu Kompres\u00f6r, 2025 y\u0131l\u0131nda \u0130stanbul\u2019da kurulmu\u015f, bas\u0131n\u00e7l\u0131 hava sistemleri alan\u0131nda sat\u0131\u015f, servis, bak\u0131m ve onar\u0131m hizmetleri sunan yenilik\u00e7i bir firmad\u0131r. Kuruldu\u011fu g\u00fcnden bu yana kalite, g\u00fcvenilirlik ve m\u00fc\u015fteri memnuniyetini \u00f6n planda tutarak k\u0131sa s\u00fcrede sekt\u00f6r\u00fcnde [&hellip;]<\/p>\n","protected":false},"author":1,"featured_media":0,"parent":0,"menu_order":0,"comment_status":"closed","ping_status":"closed","template":"","meta":{"footnotes":""},"class_list":["post-2954","page","type-page","status-publish","hentry"],"_links":{"self":[{"href":"https:\/\/ilsukompresor.com\/index.php\/wp-json\/wp\/v2\/pages\/2954","targetHints":{"allow":["GET"]}}],"collection":[{"href":"https:\/\/ilsukompresor.com\/index.php\/wp-json\/wp\/v2\/pages"}],"about":[{"href":"https:\/\/ilsukompresor.com\/index.php\/wp-json\/wp\/v2\/types\/page"}],"author":[{"embeddable":true,"href":"https:\/\/ilsukompresor.com\/index.php\/wp-json\/wp\/v2\/users\/1"}],"replies":[{"embeddable":true,"href":"https:\/\/ilsukompresor.com\/index.php\/wp-json\/wp\/v2\/comments?post=2954"}],"version-history":[{"count":47,"href":"https:\/\/ilsukompresor.com\/index.php\/wp-json\/wp\/v2\/pages\/2954\/revisions"}],"predecessor-version":[{"id":8017,"href":"https:\/\/ilsukompresor.com\/index.php\/wp-json\/wp\/v2\/pages\/2954\/revisions\/8017"}],"wp:attachment":[{"href":"https:\/\/ilsukompresor.com\/index.php\/wp-json\/wp\/v2\/media?parent=2954"}],"curies":[{"name":"wp","href":"https:\/\/api.w.org\/{rel}","templated":true}]}}